{"id":38,"date":"2025-03-10T20:57:47","date_gmt":"2025-03-10T20:57:47","guid":{"rendered":"https:\/\/konceptdomus.hr\/?page_id=38"},"modified":"2025-04-21T15:27:50","modified_gmt":"2025-04-21T15:27:50","slug":"novi-projekti","status":"publish","type":"page","link":"https:\/\/konceptdomus.hr\/index.php\/novi-projekti\/","title":{"rendered":"Novi projekti"},"content":{"rendered":"\n<div class=\"wp-block-uagb-container uagb-block-01a691b8 alignfull uagb-is-root-container\">\n<div class=\"wp-block-uagb-separator uagb-block-052d69ea\"><div class=\"wp-block-uagb-separator__inner\" style=\"--my-background-image:\"><\/div><\/div>\n<\/div>\n\n\n\n<div data-aos= \"fade-right\" data-aos-duration=\"400\" data-aos-delay=\"0\" data-aos-easing=\"ease\" data-aos-once=\"true\" class=\"wp-block-uagb-container uagb-block-044305e8 alignfull uagb-is-root-container\"><div class=\"uagb-container-inner-blocks-wrap\">\n<div class=\"wp-block-uagb-advanced-heading uagb-block-6e742779\"><h3 class=\"uagb-heading-text\"><strong>SESVETSKI KRALJEVEC, ULICA BEDEMA LJUBAVI<\/strong><\/h3><\/div>\n\n\n\n<p class=\"has-medium-font-size\">Vi\u0161estambena zgrada smje\u0161tena u Sesvetskom Kraljevcu, u Ulici Bedema ljubavi, osmi\u0161ljena je u arhitektonskom uredu <strong>Ksenije Brloba\u0161i\u0107<\/strong>, arhitektice koja izvrsno poznaje isto\u010dni dio grada Zagreba na kojem se projekt razvija. Vizualni izgled i tehni\u010dke karakteristike zgrade, savr\u0161eno se uklapaju u novu vizuru isto\u010dnog dijela Zagreba. Zgrada \u0107e biti visine prizemlje i dva kata, s puno zelenih povr\u0161ina i osiguranim parkirnim i gara\u017enim mjestima za budu\u0107e stanare.<\/p>\n\n\n\t\t\t<div data-aos= \"fade-right\" data-aos-duration=\"400\" data-aos-delay=\"0\" data-aos-easing=\"ease\" data-aos-once=\"true\" \n\t\t\tclass=\"wp-block-uagb-google-map uagb-google-map__wrap uagb-block-ed1006ae     \"\n\t\t\tstyle=\"\" >\n\t\t\t\t<embed\n\t\t\t\t\tclass=\"uagb-google-map__iframe\"\n\t\t\t\t\ttitle=\"Google Map for \"\n\t\t\t\t\tsrc=\"https:\/\/maps.google.com\/maps?q=Ulica%20Bedema%20ljubavi%204%20Zagreb&#038;z=17&#038;hl=hr&#038;t=k&#038;output=embed&#038;iwloc=near\"\n\t\t\t\t\twidth=\"640\"\n\t\t\t\t\theight=\"480\"\n\t\t\t\t\tloading=\"lazy\"\n\t\t\t\t><\/embed>\n\t\t\t<\/div>\n\t\t\t\n\n\n<p class=\"has-medium-font-size\">U neposrednoj blizini zgrade, stotinjak metara udaljeno, nalazi se Iver naselje sa svim sadr\u017eajima urbanog naselja: vrti\u0107em, \u0161kolom, sportskom dvoranom, bazenom i dje\u010djim igrali\u0161tem. Prometna povezanost sa centrom Grada Zagreba je tako\u0111er izvrsna, u blizini je \u017eeljezni\u010dka stanica (povezanost lokalnim Gradskim vlakom Dugo Selo \u2013 Harmica) kao i autobusna stanica ZET-a.<\/p>\n<\/div><\/div>\n\n\n\n<div class=\"wp-block-uagb-container uagb-block-996fb905 alignfull uagb-is-root-container\"><div class=\"uagb-container-inner-blocks-wrap\">\n<div class=\"wp-block-uagb-buttons uagb-buttons__outer-wrap uagb-btn__default-btn uagb-btn-tablet__default-btn uagb-btn-mobile__default-btn uagb-block-51b45fc5\"><div class=\"uagb-buttons__wrap uagb-buttons-layout-wrap \">\n<div data-aos= \"fade-right\" data-aos-duration=\"400\" data-aos-delay=\"0\" data-aos-easing=\"ease\" data-aos-once=\"true\" class=\"wp-block-uagb-buttons-child uagb-buttons__outer-wrap uagb-block-5f4fcca9 wp-block-button\"><div class=\"uagb-button__wrapper\"><a class=\"uagb-buttons-repeater wp-block-button__link\" aria-label=\"\" href=\"https:\/\/konceptdomus.hr\/index.php\/katalog-stanova-bedema-ljubavi\" rel=\"nofollow noopener\" target=\"_self\" role=\"button\"><div class=\"uagb-button__link\">PREGLEDAJ KATALOG STANOVA<\/div><span class=\"uagb-button__icon uagb-button__icon-position-after\"><svg xmlns=\"https:\/\/www.w3.org\/2000\/svg\" viewBox=\"0 0 448 512\" aria-hidden=\"true\" focussable=\"false\"><path d=\"M438.6 278.6l-160 160C272.4 444.9 264.2 448 256 448s-16.38-3.125-22.62-9.375c-12.5-12.5-12.5-32.75 0-45.25L338.8 288H32C14.33 288 .0016 273.7 .0016 256S14.33 224 32 224h306.8l-105.4-105.4c-12.5-12.5-12.5-32.75 0-45.25s32.75-12.5 45.25 0l160 160C451.1 245.9 451.1 266.1 438.6 278.6z\"><\/path><\/svg><\/span><\/a><\/div><\/div>\n<\/div><\/div>\n<\/div><\/div>\n\n\n\n<div class=\"wp-block-uagb-container uagb-block-b02c37d5 alignfull uagb-is-root-container\"><div class=\"uagb-container-inner-blocks-wrap\">\n<p class=\"has-medium-font-size\">Pri projektiranju zgrade vodilo se ra\u010duna o kvaliteti stanovanja, zgrada je maksimalno udaljena od prometnice, stanovi su svjetli, s mnogo otvorenih povr\u0161ina: balkona, lo\u0111a i zelenih povr\u0161ina.<\/p>\n\n\n\n<p class=\"has-medium-font-size\"><br><strong>Vi\u0161estambena zgrada u Sesvetskom Kraljevcu u Ulici Bedema ljubavi sastojat \u0107e se od:<\/strong><br><br>       2 \u010detverosobna stana veli\u010dine 69,05 i 73,75<br>       6 trosobnih stanova veli\u010dine od 57,51 do 77,88 m2<br>       3 dvosobna stana veli\u010dine od 56,52 do 64,25 m2<br>       2 garsonijere veli\u010dine 45,98 m2 i 46,05 m2<br>       7 natkrivenih parkirnih mjesta<br>       14 vanjskih parkirnih mjesta<br>       3 stana u prizemlju povezana su s okolnom zelenom pripadaju\u0107om povr\u0161inom<\/p>\n<\/div><\/div>\n\n\n\n<div class=\"wp-block-uagb-container uagb-block-0de7c9f0 alignfull uagb-is-root-container\"><div class=\"uagb-container-inner-blocks-wrap\">\n<h2 class=\"wp-block-heading has-medium-font-size\">Osnovne karakteristike stanova: <\/h2>\n\n\n\n<p class=\"has-medium-font-size\">Veli\u010dine od garsonijere do \u010detverosobnih stanova \u2013 odabir za svaku obitelj<br>Vi\u0161estrana orijentacija<br>Svaki stan ima balkon i\/ili lo\u0111u ili pripadaju\u0107u zelenu povr\u0161inu<\/p>\n<\/div><\/div>\n\n\n\n<div class=\"wp-block-uagb-container uagb-block-5530fb5b alignfull uagb-is-root-container\"><div class=\"uagb-container-inner-blocks-wrap\">\n<div class=\"wp-block-uagb-advanced-heading uagb-block-a9d4a0ee\"><h4 class=\"uagb-heading-text\">Materijali:<\/h4><\/div>\n\n\n\n<div class=\"wp-block-uagb-container uagb-block-d2ce7a90\">\n<div class=\"wp-block-uagb-container uagb-block-6a53164b\">\n<p class=\"has-text-align-left has-medium-font-size\">Podne obloge <br>Sanitarija <br>Prozori <br>Vrata<\/p>\n<\/div>\n\n\n\n<div class=\"wp-block-uagb-container uagb-block-01956fa2\">\n<p class=\"has-medium-font-size\">troslojni parket ili kerami\u010dke plo\u010dice<br>kerami\u010dka tu\u0161 kada s kabinom<br>PVC stolarija s troslojnim staklom (low-e+argon), roletama i komarnicima<br> protupo\u017earna\/protuprovalna (EI<sub>2<\/sub>30-C)<\/p>\n<\/div>\n<\/div>\n\n\n\n<div class=\"wp-block-uagb-advanced-heading uagb-block-001c9fdc\"><h4 class=\"uagb-heading-text\">Tehni\u010dki sustavi:<\/h4><\/div>\n\n\n\n<div class=\"wp-block-uagb-container uagb-block-11c8a71c\">\n<div class=\"wp-block-uagb-container uagb-block-597f1106\">\n<p class=\"has-text-align-left has-medium-font-size\">Ure\u0111aj za grijanje, hla\u0111enje i pripremu tople vode<br>Grijanje <br>Hla\u0111enje <br>Komunikacija<\/p>\n<\/div>\n\n\n\n<div class=\"wp-block-uagb-container uagb-block-2b497e82\">\n<p class=\"has-medium-font-size\">dizalica topline Viessmann s daljinskim upravljanjem (putem aplikacije)<br><br>podno grijanje<br>ventilokonvektori<br>video portafon<\/p>\n<\/div>\n<\/div>\n<\/div><\/div>\n\n\n\n<div class=\"wp-block-uagb-container uagb-block-99c41f6c alignfull uagb-is-root-container\"><div class=\"uagb-container-inner-blocks-wrap\">\n<div class=\"wp-block-uagb-advanced-heading uagb-block-7e0c0a88\"><h4 class=\"uagb-heading-text\">Gara\u017ee i parkirna mjesta:<\/h4><\/div>\n\n\n\n<div class=\"wp-block-uagb-container uagb-block-21f08822\">\n<div class=\"wp-block-uagb-container uagb-block-cd4248df\">\n<p class=\"has-text-align-left has-medium-font-size\">Parkirna mjesta<\/p>\n<\/div>\n\n\n\n<div class=\"wp-block-uagb-container uagb-block-a0c96952\">\n<p class=\"has-medium-font-size\"><br>14 vanjskih parkirali\u0161nih mjesta<br>7 natkrivenih parkirnih mjesta (priprema elektri\u010dnih instalacija)kerami\u010dka tu\u0161 kada s kabinom<\/p>\n<\/div>\n<\/div>\n<\/div><\/div>\n\n\n\n<div class=\"wp-block-uagb-container uagb-block-352ce0bd alignfull uagb-is-root-container\"><div class=\"uagb-container-inner-blocks-wrap\">\n<p class=\"has-medium-font-size\"><strong>Po\u010detak gradnje<\/strong> planiran je za 1. travanja 2025. godine, a <strong>zavr\u0161etak<\/strong> 30.09.2026. godine.<\/p>\n<\/div><\/div>\n\n\n\n<div class=\"wp-block-uagb-container uagb-block-cbc73f2b alignfull uagb-is-root-container\">\n<div class=\"wp-block-uagb-separator uagb-block-21210d6d\"><div class=\"wp-block-uagb-separator__inner\" style=\"--my-background-image:\"><\/div><\/div>\n<\/div>\n\n\n\n<p><\/p>\n","protected":false},"excerpt":{"rendered":"<p>SESVETSKI KRALJEVEC, ULICA BEDEMA LJUBAVI Vi\u0161estambena zgrada smje\u0161tena u Sesvetskom Kraljevcu, u Ulici Bedema ljubavi, osmi\u0161ljena je u arhitektonskom uredu [&hellip;]<\/p>\n","protected":false},"author":1,"featured_media":0,"parent":0,"menu_order":0,"comment_status":"closed","ping_status":"closed","template":"","meta":{"_uag_custom_page_level_css":"","site-sidebar-layout":"default","site-content-layout":"","ast-site-content-layout":"","site-content-style":"default","site-sidebar-style":"default","ast-global-header-display":"","ast-banner-title-visibility":"","ast-main-header-display":"","ast-hfb-above-header-display":"","ast-hfb-below-header-display":"","ast-hfb-mobile-header-display":"","site-post-title":"","ast-breadcrumbs-content":"","ast-featured-img":"","footer-sml-layout":"","ast-disable-related-posts":"","theme-transparent-header-meta":"","adv-header-id-meta":"","stick-header-meta":"","header-above-stick-meta":"","header-main-stick-meta":"","header-below-stick-meta":"","astra-migrate-meta-layouts":"default","ast-page-background-enabled":"default","ast-page-background-meta":{"desktop":{"background-color":"var(--ast-global-color-5)","background-image":"","background-repeat":"repeat","background-position":"center center","background-size":"auto","background-attachment":"scroll","background-type":"","background-media":"","overlay-type":"","overlay-color":"","overlay-opacity":"","overlay-gradient":""},"tablet":{"background-color":"","background-image":"","background-repeat":"repeat","background-position":"center center","background-size":"auto","background-attachment":"scroll","background-type":"","background-media":"","overlay-type":"","overlay-color":"","overlay-opacity":"","overlay-gradient":""},"mobile":{"background-color":"","background-image":"","background-repeat":"repeat","background-position":"center center","background-size":"auto","background-attachment":"scroll","background-type":"","background-media":"","overlay-type":"","overlay-color":"","overlay-opacity":"","overlay-gradient":""}},"ast-content-background-meta":{"desktop":{"background-color":"var(--ast-global-color-4)","background-image":"","background-repeat":"repeat","background-position":"center center","background-size":"auto","background-attachment":"scroll","background-type":"","background-media":"","overlay-type":"","overlay-color":"","overlay-opacity":"","overlay-gradient":""},"tablet":{"background-color":"var(--ast-global-color-4)","background-image":"","background-repeat":"repeat","background-position":"center center","background-size":"auto","background-attachment":"scroll","background-type":"","background-media":"","overlay-type":"","overlay-color":"","overlay-opacity":"","overlay-gradient":""},"mobile":{"background-color":"var(--ast-global-color-4)","background-image":"","background-repeat":"repeat","background-position":"center center","background-size":"auto","background-attachment":"scroll","background-type":"","background-media":"","overlay-type":"","overlay-color":"","overlay-opacity":"","overlay-gradient":""}},"footnotes":"[]"},"class_list":["post-38","page","type-page","status-publish","hentry"],"yoast_head":"<!-- This site is optimized with the Yoast SEO plugin v27.2 - https:\/\/yoast.com\/product\/yoast-seo-wordpress\/ -->\n<title>Novi projekti - Koncept Domus<\/title>\n<meta name=\"robots\" content=\"index, follow, max-snippet:-1, max-image-preview:large, max-video-preview:-1\" \/>\n<link rel=\"canonical\" href=\"https:\/\/konceptdomus.hr\/index.php\/novi-projekti\/\" \/>\n<meta property=\"og:locale\" content=\"en_US\" \/>\n<meta property=\"og:type\" content=\"article\" \/>\n<meta property=\"og:title\" content=\"Novi projekti - Koncept Domus\" \/>\n<meta property=\"og:description\" content=\"SESVETSKI KRALJEVEC, ULICA BEDEMA LJUBAVI Vi\u0161estambena zgrada smje\u0161tena u Sesvetskom Kraljevcu, u Ulici Bedema ljubavi, osmi\u0161ljena je u arhitektonskom uredu [&hellip;]\" \/>\n<meta property=\"og:url\" content=\"https:\/\/konceptdomus.hr\/index.php\/novi-projekti\/\" \/>\n<meta property=\"og:site_name\" content=\"Koncept Domus\" \/>\n<meta property=\"article:modified_time\" content=\"2025-04-21T15:27:50+00:00\" \/>\n<meta name=\"twitter:card\" content=\"summary_large_image\" \/>\n<meta name=\"twitter:label1\" content=\"Est. reading time\" \/>\n\t<meta name=\"twitter:data1\" content=\"2 minutes\" \/>\n<script type=\"application\/ld+json\" class=\"yoast-schema-graph\">{\"@context\":\"https:\/\/schema.org\",\"@graph\":[{\"@type\":\"WebPage\",\"@id\":\"https:\/\/konceptdomus.hr\/index.php\/novi-projekti\/\",\"url\":\"https:\/\/konceptdomus.hr\/index.php\/novi-projekti\/\",\"name\":\"Novi projekti - Koncept Domus\",\"isPartOf\":{\"@id\":\"https:\/\/konceptdomus.hr\/#website\"},\"datePublished\":\"2025-03-10T20:57:47+00:00\",\"dateModified\":\"2025-04-21T15:27:50+00:00\",\"breadcrumb\":{\"@id\":\"https:\/\/konceptdomus.hr\/index.php\/novi-projekti\/#breadcrumb\"},\"inLanguage\":\"en-US\",\"potentialAction\":[{\"@type\":\"ReadAction\",\"target\":[\"https:\/\/konceptdomus.hr\/index.php\/novi-projekti\/\"]}]},{\"@type\":\"BreadcrumbList\",\"@id\":\"https:\/\/konceptdomus.hr\/index.php\/novi-projekti\/#breadcrumb\",\"itemListElement\":[{\"@type\":\"ListItem\",\"position\":1,\"name\":\"Po\u010detna stranica\",\"item\":\"https:\/\/konceptdomus.hr\/\"},{\"@type\":\"ListItem\",\"position\":2,\"name\":\"Novi projekti\"}]},{\"@type\":\"WebSite\",\"@id\":\"https:\/\/konceptdomus.hr\/#website\",\"url\":\"https:\/\/konceptdomus.hr\/\",\"name\":\"Koncept Domus\",\"description\":\"\",\"publisher\":{\"@id\":\"https:\/\/konceptdomus.hr\/#organization\"},\"potentialAction\":[{\"@type\":\"SearchAction\",\"target\":{\"@type\":\"EntryPoint\",\"urlTemplate\":\"https:\/\/konceptdomus.hr\/?s={search_term_string}\"},\"query-input\":{\"@type\":\"PropertyValueSpecification\",\"valueRequired\":true,\"valueName\":\"search_term_string\"}}],\"inLanguage\":\"en-US\"},{\"@type\":\"Organization\",\"@id\":\"https:\/\/konceptdomus.hr\/#organization\",\"name\":\"Koncept Domus\",\"url\":\"https:\/\/konceptdomus.hr\/\",\"logo\":{\"@type\":\"ImageObject\",\"inLanguage\":\"en-US\",\"@id\":\"https:\/\/konceptdomus.hr\/#\/schema\/logo\/image\/\",\"url\":\"https:\/\/konceptdomus.hr\/wp-content\/uploads\/2025\/04\/konceptDomusLogo.png\",\"contentUrl\":\"https:\/\/konceptdomus.hr\/wp-content\/uploads\/2025\/04\/konceptDomusLogo.png\",\"width\":200,\"height\":200,\"caption\":\"Koncept Domus\"},\"image\":{\"@id\":\"https:\/\/konceptdomus.hr\/#\/schema\/logo\/image\/\"}}]}<\/script>\n<!-- \/ Yoast SEO plugin. -->","yoast_head_json":{"title":"Novi projekti - Koncept Domus","robots":{"index":"index","follow":"follow","max-snippet":"max-snippet:-1","max-image-preview":"max-image-preview:large","max-video-preview":"max-video-preview:-1"},"canonical":"https:\/\/konceptdomus.hr\/index.php\/novi-projekti\/","og_locale":"en_US","og_type":"article","og_title":"Novi projekti - Koncept Domus","og_description":"SESVETSKI KRALJEVEC, ULICA BEDEMA LJUBAVI Vi\u0161estambena zgrada smje\u0161tena u Sesvetskom Kraljevcu, u Ulici Bedema ljubavi, osmi\u0161ljena je u arhitektonskom uredu [&hellip;]","og_url":"https:\/\/konceptdomus.hr\/index.php\/novi-projekti\/","og_site_name":"Koncept Domus","article_modified_time":"2025-04-21T15:27:50+00:00","twitter_card":"summary_large_image","twitter_misc":{"Est. reading time":"2 minutes"},"schema":{"@context":"https:\/\/schema.org","@graph":[{"@type":"WebPage","@id":"https:\/\/konceptdomus.hr\/index.php\/novi-projekti\/","url":"https:\/\/konceptdomus.hr\/index.php\/novi-projekti\/","name":"Novi projekti - Koncept Domus","isPartOf":{"@id":"https:\/\/konceptdomus.hr\/#website"},"datePublished":"2025-03-10T20:57:47+00:00","dateModified":"2025-04-21T15:27:50+00:00","breadcrumb":{"@id":"https:\/\/konceptdomus.hr\/index.php\/novi-projekti\/#breadcrumb"},"inLanguage":"en-US","potentialAction":[{"@type":"ReadAction","target":["https:\/\/konceptdomus.hr\/index.php\/novi-projekti\/"]}]},{"@type":"BreadcrumbList","@id":"https:\/\/konceptdomus.hr\/index.php\/novi-projekti\/#breadcrumb","itemListElement":[{"@type":"ListItem","position":1,"name":"Po\u010detna stranica","item":"https:\/\/konceptdomus.hr\/"},{"@type":"ListItem","position":2,"name":"Novi projekti"}]},{"@type":"WebSite","@id":"https:\/\/konceptdomus.hr\/#website","url":"https:\/\/konceptdomus.hr\/","name":"Koncept Domus","description":"","publisher":{"@id":"https:\/\/konceptdomus.hr\/#organization"},"potentialAction":[{"@type":"SearchAction","target":{"@type":"EntryPoint","urlTemplate":"https:\/\/konceptdomus.hr\/?s={search_term_string}"},"query-input":{"@type":"PropertyValueSpecification","valueRequired":true,"valueName":"search_term_string"}}],"inLanguage":"en-US"},{"@type":"Organization","@id":"https:\/\/konceptdomus.hr\/#organization","name":"Koncept Domus","url":"https:\/\/konceptdomus.hr\/","logo":{"@type":"ImageObject","inLanguage":"en-US","@id":"https:\/\/konceptdomus.hr\/#\/schema\/logo\/image\/","url":"https:\/\/konceptdomus.hr\/wp-content\/uploads\/2025\/04\/konceptDomusLogo.png","contentUrl":"https:\/\/konceptdomus.hr\/wp-content\/uploads\/2025\/04\/konceptDomusLogo.png","width":200,"height":200,"caption":"Koncept Domus"},"image":{"@id":"https:\/\/konceptdomus.hr\/#\/schema\/logo\/image\/"}}]}},"uagb_featured_image_src":{"full":false,"thumbnail":false,"medium":false,"medium_large":false,"large":false,"1536x1536":false,"2048x2048":false},"uagb_author_info":{"display_name":"admin","author_link":"https:\/\/konceptdomus.hr\/index.php\/author\/admin_5lnac4ga\/"},"uagb_comment_info":0,"uagb_excerpt":"SESVETSKI KRALJEVEC, ULICA BEDEMA LJUBAVI Vi\u0161estambena zgrada smje\u0161tena u Sesvetskom Kraljevcu, u Ulici Bedema ljubavi, osmi\u0161ljena je u arhitektonskom uredu [&hellip;]","_links":{"self":[{"href":"https:\/\/konceptdomus.hr\/index.php\/wp-json\/wp\/v2\/pages\/38","targetHints":{"allow":["GET"]}}],"collection":[{"href":"https:\/\/konceptdomus.hr\/index.php\/wp-json\/wp\/v2\/pages"}],"about":[{"href":"https:\/\/konceptdomus.hr\/index.php\/wp-json\/wp\/v2\/types\/page"}],"author":[{"embeddable":true,"href":"https:\/\/konceptdomus.hr\/index.php\/wp-json\/wp\/v2\/users\/1"}],"replies":[{"embeddable":true,"href":"https:\/\/konceptdomus.hr\/index.php\/wp-json\/wp\/v2\/comments?post=38"}],"version-history":[{"count":89,"href":"https:\/\/konceptdomus.hr\/index.php\/wp-json\/wp\/v2\/pages\/38\/revisions"}],"predecessor-version":[{"id":567,"href":"https:\/\/konceptdomus.hr\/index.php\/wp-json\/wp\/v2\/pages\/38\/revisions\/567"}],"wp:attachment":[{"href":"https:\/\/konceptdomus.hr\/index.php\/wp-json\/wp\/v2\/media?parent=38"}],"curies":[{"name":"wp","href":"https:\/\/api.w.org\/{rel}","templated":true}]}}