{"id":36,"date":"2025-03-10T20:57:59","date_gmt":"2025-03-10T20:57:59","guid":{"rendered":"https:\/\/konceptdomus.hr\/?page_id=36"},"modified":"2025-05-06T18:03:35","modified_gmt":"2025-05-06T18:03:35","slug":"realizirani-projekti","status":"publish","type":"page","link":"https:\/\/konceptdomus.hr\/index.php\/realizirani-projekti\/","title":{"rendered":"Realizirani projekti"},"content":{"rendered":"\n<div class=\"wp-block-uagb-container uagb-block-47b31bca alignfull uagb-is-root-container\">\n<div class=\"wp-block-uagb-separator uagb-block-812990fd\"><div class=\"wp-block-uagb-separator__inner\" style=\"--my-background-image:\"><\/div><\/div>\n<\/div>\n\n\n\n<div data-aos= \"fade-right\" data-aos-duration=\"400\" data-aos-delay=\"0\" data-aos-easing=\"ease\" data-aos-once=\"true\" class=\"wp-block-uagb-container uagb-block-c35aede5 alignfull uagb-is-root-container\"><div class=\"uagb-container-inner-blocks-wrap\">\n<div class=\"wp-block-uagb-advanced-heading uagb-block-6bf4469b\"><h3 class=\"uagb-heading-text\"><strong><strong>SESVETSKI KRALJEVEC, ULICA DRAGUTINA DOMJANI\u0106A<\/strong><\/strong><\/h3><\/div>\n\n\n\n<p class=\"has-medium-font-size\">U Sesvetskom Kraljevcu, u Domjani\u0107evoj ulici, izgra\u0111en je moderni stambeni objekt s 9 stambenih jednica. Kvalitetna gradnja i suvremen dizajn, prepoznati su na tr\u017ei\u0161tu te je projekt u cijelosti realiziran 2024. godine.<\/p>\n\n\n\t\t\t<div \n\t\t\tclass=\"wp-block-uagb-google-map uagb-google-map__wrap uagb-block-83dba43e     \"\n\t\t\tstyle=\"\" >\n\t\t\t\t<embed\n\t\t\t\t\tclass=\"uagb-google-map__iframe\"\n\t\t\t\t\ttitle=\"Google Map for \"\n\t\t\t\t\tsrc=\"https:\/\/maps.google.com\/maps?q=SESVETSKI%20KRALJEVEC%2C%20ULICA%20DRAGUTINA%20DOMJANI%C4%86A%2012&#038;z=17&#038;hl=hr&#038;t=k&#038;output=embed&#038;iwloc=near\"\n\t\t\t\t\twidth=\"640\"\n\t\t\t\t\theight=\"480\"\n\t\t\t\t\tloading=\"lazy\"\n\t\t\t\t><\/embed>\n\t\t\t<\/div>\n\t\t\t<\/div><\/div>\n\n\n\n<div class=\"wp-block-uagb-container uagb-block-996fb905 alignfull uagb-is-root-container\"><div class=\"uagb-container-inner-blocks-wrap\">\n<div class=\"wp-block-uagb-buttons uagb-buttons__outer-wrap uagb-btn__default-btn uagb-btn-tablet__default-btn uagb-btn-mobile__default-btn uagb-block-51b45fc5\"><div class=\"uagb-buttons__wrap uagb-buttons-layout-wrap \">\n<div data-aos= \"fade-right\" data-aos-duration=\"400\" data-aos-delay=\"0\" data-aos-easing=\"ease\" data-aos-once=\"true\" class=\"wp-block-uagb-buttons-child uagb-buttons__outer-wrap uagb-block-5f4fcca9 wp-block-button\"><div class=\"uagb-button__wrapper\"><a class=\"uagb-buttons-repeater wp-block-button__link\" aria-label=\"\" href=\"https:\/\/konceptdomus.hr\/index.php\/katalog-projekta-dragutina-domjanica\" rel=\"nofollow noopener\" target=\"_self\" role=\"button\"><div class=\"uagb-button__link\">PREGLEDAJ GALERIJU<\/div><span class=\"uagb-button__icon uagb-button__icon-position-after\"><svg xmlns=\"https:\/\/www.w3.org\/2000\/svg\" viewBox=\"0 0 448 512\" aria-hidden=\"true\" focussable=\"false\"><path d=\"M438.6 278.6l-160 160C272.4 444.9 264.2 448 256 448s-16.38-3.125-22.62-9.375c-12.5-12.5-12.5-32.75 0-45.25L338.8 288H32C14.33 288 .0016 273.7 .0016 256S14.33 224 32 224h306.8l-105.4-105.4c-12.5-12.5-12.5-32.75 0-45.25s32.75-12.5 45.25 0l160 160C451.1 245.9 451.1 266.1 438.6 278.6z\"><\/path><\/svg><\/span><\/a><\/div><\/div>\n<\/div><\/div>\n<\/div><\/div>\n\n\n\n<div class=\"wp-block-uagb-container uagb-block-98da4795 alignfull uagb-is-root-container\"><div class=\"uagb-container-inner-blocks-wrap\">\n<p class=\"has-medium-font-size\">Posebna pa\u017enja posve\u0107ena je kvaliteti materijala i izvedbe \u2013 od troslojnog parketa i premium keramike do visokokvalitetnih sanitarija i naprednih tehni\u010dkih sustava grijanja i hla\u0111enja. Svaki stan oboga\u0107en je balkonom, lo\u0111om ili pripadaju\u0107om zelenom povr\u0161inom, omogu\u0107uju\u0107i budu\u0107im vlasnicima ugodan \u017eivotni prostor s dodatnim dodirom prirode.<\/p>\n\n\n\n<p class=\"has-medium-font-size\">Zahvaljuju\u0107i pa\u017eljivom planiranju i primjeni visokih gra\u0111evinskih standarda, projekt je do\u017eivio izniman interes kupaca te su stanovi brzo prona\u0161li svoje vlasnike. Njegova uspje\u0161na realizacija u 2024. godini potvrdila je <strong>Koncept Domus<\/strong> kao pouzdanog i kvalitetnog graditelja, \u010dime smo postavili sna\u017ene temelje za budu\u0107e projekte koji \u0107e nastaviti oblikovati moderni \u017eivotni prostor.<\/p>\n<\/div><\/div>\n\n\n\n<div class=\"wp-block-uagb-container uagb-block-263e4ea7 alignfull uagb-is-root-container\">\n<div class=\"wp-block-uagb-separator uagb-block-d52b28c3\"><div class=\"wp-block-uagb-separator__inner\" style=\"--my-background-image:\"><\/div><\/div>\n<\/div>\n","protected":false},"excerpt":{"rendered":"<p>SESVETSKI KRALJEVEC, ULICA DRAGUTINA DOMJANI\u0106A U Sesvetskom Kraljevcu, u Domjani\u0107evoj ulici, izgra\u0111en je moderni stambeni objekt s 9 stambenih jednica. [&hellip;]<\/p>\n","protected":false},"author":1,"featured_media":0,"parent":0,"menu_order":0,"comment_status":"closed","ping_status":"closed","template":"","meta":{"_uag_custom_page_level_css":"","site-sidebar-layout":"default","site-content-layout":"","ast-site-content-layout":"","site-content-style":"default","site-sidebar-style":"default","ast-global-header-display":"","ast-banner-title-visibility":"","ast-main-header-display":"","ast-hfb-above-header-display":"","ast-hfb-below-header-display":"","ast-hfb-mobile-header-display":"","site-post-title":"","ast-breadcrumbs-content":"","ast-featured-img":"","footer-sml-layout":"","ast-disable-related-posts":"","theme-transparent-header-meta":"","adv-header-id-meta":"","stick-header-meta":"","header-above-stick-meta":"","header-main-stick-meta":"","header-below-stick-meta":"","astra-migrate-meta-layouts":"default","ast-page-background-enabled":"default","ast-page-background-meta":{"desktop":{"background-color":"var(--ast-global-color-5)","background-image":"","background-repeat":"repeat","background-position":"center center","background-size":"auto","background-attachment":"scroll","background-type":"","background-media":"","overlay-type":"","overlay-color":"","overlay-opacity":"","overlay-gradient":""},"tablet":{"background-color":"","background-image":"","background-repeat":"repeat","background-position":"center center","background-size":"auto","background-attachment":"scroll","background-type":"","background-media":"","overlay-type":"","overlay-color":"","overlay-opacity":"","overlay-gradient":""},"mobile":{"background-color":"","background-image":"","background-repeat":"repeat","background-position":"center center","background-size":"auto","background-attachment":"scroll","background-type":"","background-media":"","overlay-type":"","overlay-color":"","overlay-opacity":"","overlay-gradient":""}},"ast-content-background-meta":{"desktop":{"background-color":"var(--ast-global-color-4)","background-image":"","background-repeat":"repeat","background-position":"center center","background-size":"auto","background-attachment":"scroll","background-type":"","background-media":"","overlay-type":"","overlay-color":"","overlay-opacity":"","overlay-gradient":""},"tablet":{"background-color":"var(--ast-global-color-4)","background-image":"","background-repeat":"repeat","background-position":"center center","background-size":"auto","background-attachment":"scroll","background-type":"","background-media":"","overlay-type":"","overlay-color":"","overlay-opacity":"","overlay-gradient":""},"mobile":{"background-color":"var(--ast-global-color-4)","background-image":"","background-repeat":"repeat","background-position":"center center","background-size":"auto","background-attachment":"scroll","background-type":"","background-media":"","overlay-type":"","overlay-color":"","overlay-opacity":"","overlay-gradient":""}},"footnotes":""},"class_list":["post-36","page","type-page","status-publish","hentry"],"yoast_head":"<!-- This site is optimized with the Yoast SEO plugin v27.2 - https:\/\/yoast.com\/product\/yoast-seo-wordpress\/ -->\n<title>Realizirani projekti - Koncept Domus<\/title>\n<meta name=\"robots\" content=\"index, follow, max-snippet:-1, max-image-preview:large, max-video-preview:-1\" \/>\n<link rel=\"canonical\" href=\"https:\/\/konceptdomus.hr\/index.php\/realizirani-projekti\/\" \/>\n<meta property=\"og:locale\" content=\"en_US\" \/>\n<meta property=\"og:type\" content=\"article\" \/>\n<meta property=\"og:title\" content=\"Realizirani projekti - Koncept Domus\" \/>\n<meta property=\"og:description\" content=\"SESVETSKI KRALJEVEC, ULICA DRAGUTINA DOMJANI\u0106A U Sesvetskom Kraljevcu, u Domjani\u0107evoj ulici, izgra\u0111en je moderni stambeni objekt s 9 stambenih jednica. [&hellip;]\" \/>\n<meta property=\"og:url\" content=\"https:\/\/konceptdomus.hr\/index.php\/realizirani-projekti\/\" \/>\n<meta property=\"og:site_name\" content=\"Koncept Domus\" \/>\n<meta property=\"article:modified_time\" content=\"2025-05-06T18:03:35+00:00\" \/>\n<meta name=\"twitter:card\" content=\"summary_large_image\" \/>\n<meta name=\"twitter:label1\" content=\"Est. reading time\" \/>\n\t<meta name=\"twitter:data1\" content=\"1 minute\" \/>\n<script type=\"application\/ld+json\" class=\"yoast-schema-graph\">{\"@context\":\"https:\/\/schema.org\",\"@graph\":[{\"@type\":\"WebPage\",\"@id\":\"https:\/\/konceptdomus.hr\/index.php\/realizirani-projekti\/\",\"url\":\"https:\/\/konceptdomus.hr\/index.php\/realizirani-projekti\/\",\"name\":\"Realizirani projekti - Koncept Domus\",\"isPartOf\":{\"@id\":\"https:\/\/konceptdomus.hr\/#website\"},\"datePublished\":\"2025-03-10T20:57:59+00:00\",\"dateModified\":\"2025-05-06T18:03:35+00:00\",\"breadcrumb\":{\"@id\":\"https:\/\/konceptdomus.hr\/index.php\/realizirani-projekti\/#breadcrumb\"},\"inLanguage\":\"en-US\",\"potentialAction\":[{\"@type\":\"ReadAction\",\"target\":[\"https:\/\/konceptdomus.hr\/index.php\/realizirani-projekti\/\"]}]},{\"@type\":\"BreadcrumbList\",\"@id\":\"https:\/\/konceptdomus.hr\/index.php\/realizirani-projekti\/#breadcrumb\",\"itemListElement\":[{\"@type\":\"ListItem\",\"position\":1,\"name\":\"Po\u010detna stranica\",\"item\":\"https:\/\/konceptdomus.hr\/\"},{\"@type\":\"ListItem\",\"position\":2,\"name\":\"Realizirani projekti\"}]},{\"@type\":\"WebSite\",\"@id\":\"https:\/\/konceptdomus.hr\/#website\",\"url\":\"https:\/\/konceptdomus.hr\/\",\"name\":\"Koncept Domus\",\"description\":\"\",\"publisher\":{\"@id\":\"https:\/\/konceptdomus.hr\/#organization\"},\"potentialAction\":[{\"@type\":\"SearchAction\",\"target\":{\"@type\":\"EntryPoint\",\"urlTemplate\":\"https:\/\/konceptdomus.hr\/?s={search_term_string}\"},\"query-input\":{\"@type\":\"PropertyValueSpecification\",\"valueRequired\":true,\"valueName\":\"search_term_string\"}}],\"inLanguage\":\"en-US\"},{\"@type\":\"Organization\",\"@id\":\"https:\/\/konceptdomus.hr\/#organization\",\"name\":\"Koncept Domus\",\"url\":\"https:\/\/konceptdomus.hr\/\",\"logo\":{\"@type\":\"ImageObject\",\"inLanguage\":\"en-US\",\"@id\":\"https:\/\/konceptdomus.hr\/#\/schema\/logo\/image\/\",\"url\":\"https:\/\/konceptdomus.hr\/wp-content\/uploads\/2025\/04\/konceptDomusLogo.png\",\"contentUrl\":\"https:\/\/konceptdomus.hr\/wp-content\/uploads\/2025\/04\/konceptDomusLogo.png\",\"width\":200,\"height\":200,\"caption\":\"Koncept Domus\"},\"image\":{\"@id\":\"https:\/\/konceptdomus.hr\/#\/schema\/logo\/image\/\"}}]}<\/script>\n<!-- \/ Yoast SEO plugin. -->","yoast_head_json":{"title":"Realizirani projekti - Koncept Domus","robots":{"index":"index","follow":"follow","max-snippet":"max-snippet:-1","max-image-preview":"max-image-preview:large","max-video-preview":"max-video-preview:-1"},"canonical":"https:\/\/konceptdomus.hr\/index.php\/realizirani-projekti\/","og_locale":"en_US","og_type":"article","og_title":"Realizirani projekti - Koncept Domus","og_description":"SESVETSKI KRALJEVEC, ULICA DRAGUTINA DOMJANI\u0106A U Sesvetskom Kraljevcu, u Domjani\u0107evoj ulici, izgra\u0111en je moderni stambeni objekt s 9 stambenih jednica. [&hellip;]","og_url":"https:\/\/konceptdomus.hr\/index.php\/realizirani-projekti\/","og_site_name":"Koncept Domus","article_modified_time":"2025-05-06T18:03:35+00:00","twitter_card":"summary_large_image","twitter_misc":{"Est. reading time":"1 minute"},"schema":{"@context":"https:\/\/schema.org","@graph":[{"@type":"WebPage","@id":"https:\/\/konceptdomus.hr\/index.php\/realizirani-projekti\/","url":"https:\/\/konceptdomus.hr\/index.php\/realizirani-projekti\/","name":"Realizirani projekti - Koncept Domus","isPartOf":{"@id":"https:\/\/konceptdomus.hr\/#website"},"datePublished":"2025-03-10T20:57:59+00:00","dateModified":"2025-05-06T18:03:35+00:00","breadcrumb":{"@id":"https:\/\/konceptdomus.hr\/index.php\/realizirani-projekti\/#breadcrumb"},"inLanguage":"en-US","potentialAction":[{"@type":"ReadAction","target":["https:\/\/konceptdomus.hr\/index.php\/realizirani-projekti\/"]}]},{"@type":"BreadcrumbList","@id":"https:\/\/konceptdomus.hr\/index.php\/realizirani-projekti\/#breadcrumb","itemListElement":[{"@type":"ListItem","position":1,"name":"Po\u010detna stranica","item":"https:\/\/konceptdomus.hr\/"},{"@type":"ListItem","position":2,"name":"Realizirani projekti"}]},{"@type":"WebSite","@id":"https:\/\/konceptdomus.hr\/#website","url":"https:\/\/konceptdomus.hr\/","name":"Koncept Domus","description":"","publisher":{"@id":"https:\/\/konceptdomus.hr\/#organization"},"potentialAction":[{"@type":"SearchAction","target":{"@type":"EntryPoint","urlTemplate":"https:\/\/konceptdomus.hr\/?s={search_term_string}"},"query-input":{"@type":"PropertyValueSpecification","valueRequired":true,"valueName":"search_term_string"}}],"inLanguage":"en-US"},{"@type":"Organization","@id":"https:\/\/konceptdomus.hr\/#organization","name":"Koncept Domus","url":"https:\/\/konceptdomus.hr\/","logo":{"@type":"ImageObject","inLanguage":"en-US","@id":"https:\/\/konceptdomus.hr\/#\/schema\/logo\/image\/","url":"https:\/\/konceptdomus.hr\/wp-content\/uploads\/2025\/04\/konceptDomusLogo.png","contentUrl":"https:\/\/konceptdomus.hr\/wp-content\/uploads\/2025\/04\/konceptDomusLogo.png","width":200,"height":200,"caption":"Koncept Domus"},"image":{"@id":"https:\/\/konceptdomus.hr\/#\/schema\/logo\/image\/"}}]}},"uagb_featured_image_src":{"full":false,"thumbnail":false,"medium":false,"medium_large":false,"large":false,"1536x1536":false,"2048x2048":false},"uagb_author_info":{"display_name":"admin","author_link":"https:\/\/konceptdomus.hr\/index.php\/author\/admin_5lnac4ga\/"},"uagb_comment_info":0,"uagb_excerpt":"SESVETSKI KRALJEVEC, ULICA DRAGUTINA DOMJANI\u0106A U Sesvetskom Kraljevcu, u Domjani\u0107evoj ulici, izgra\u0111en je moderni stambeni objekt s 9 stambenih jednica. [&hellip;]","_links":{"self":[{"href":"https:\/\/konceptdomus.hr\/index.php\/wp-json\/wp\/v2\/pages\/36","targetHints":{"allow":["GET"]}}],"collection":[{"href":"https:\/\/konceptdomus.hr\/index.php\/wp-json\/wp\/v2\/pages"}],"about":[{"href":"https:\/\/konceptdomus.hr\/index.php\/wp-json\/wp\/v2\/types\/page"}],"author":[{"embeddable":true,"href":"https:\/\/konceptdomus.hr\/index.php\/wp-json\/wp\/v2\/users\/1"}],"replies":[{"embeddable":true,"href":"https:\/\/konceptdomus.hr\/index.php\/wp-json\/wp\/v2\/comments?post=36"}],"version-history":[{"count":38,"href":"https:\/\/konceptdomus.hr\/index.php\/wp-json\/wp\/v2\/pages\/36\/revisions"}],"predecessor-version":[{"id":569,"href":"https:\/\/konceptdomus.hr\/index.php\/wp-json\/wp\/v2\/pages\/36\/revisions\/569"}],"wp:attachment":[{"href":"https:\/\/konceptdomus.hr\/index.php\/wp-json\/wp\/v2\/media?parent=36"}],"curies":[{"name":"wp","href":"https:\/\/api.w.org\/{rel}","templated":true}]}}