{"id":183,"date":"2025-03-17T20:31:01","date_gmt":"2025-03-17T20:31:01","guid":{"rendered":"https:\/\/konceptdomus.hr\/?page_id=183"},"modified":"2025-04-04T17:44:40","modified_gmt":"2025-04-04T17:44:40","slug":"o-nama","status":"publish","type":"page","link":"https:\/\/konceptdomus.hr\/index.php\/o-nama\/","title":{"rendered":"O nama"},"content":{"rendered":"\n<div data-aos= \"fade-right\" data-aos-duration=\"400\" data-aos-delay=\"0\" data-aos-easing=\"ease\" data-aos-once=\"true\" class=\"wp-block-uagb-container uagb-block-b50d85f1 alignfull uagb-is-root-container\"><div class=\"uagb-container-inner-blocks-wrap\">\n<div class=\"wp-block-uagb-container uagb-block-a56f09b7\">\n<figure class=\"wp-block-image size-large\"><img loading=\"lazy\" decoding=\"async\" width=\"1024\" height=\"683\" src=\"https:\/\/konceptdomus.hr\/wp-content\/uploads\/2025\/03\/sven-mieke-fteR0e2BzKo-unsplash-1024x683.jpg\" alt=\"\" class=\"wp-image-21\" srcset=\"https:\/\/konceptdomus.hr\/wp-content\/uploads\/2025\/03\/sven-mieke-fteR0e2BzKo-unsplash-1024x683.jpg 1024w, https:\/\/konceptdomus.hr\/wp-content\/uploads\/2025\/03\/sven-mieke-fteR0e2BzKo-unsplash-300x200.jpg 300w, https:\/\/konceptdomus.hr\/wp-content\/uploads\/2025\/03\/sven-mieke-fteR0e2BzKo-unsplash-768x512.jpg 768w, https:\/\/konceptdomus.hr\/wp-content\/uploads\/2025\/03\/sven-mieke-fteR0e2BzKo-unsplash-1536x1024.jpg 1536w, https:\/\/konceptdomus.hr\/wp-content\/uploads\/2025\/03\/sven-mieke-fteR0e2BzKo-unsplash-2048x1365.jpg 2048w\" sizes=\"auto, (max-width: 1024px) 100vw, 1024px\" \/><\/figure>\n<\/div>\n\n\n\n<div class=\"wp-block-uagb-container uagb-block-2af3dc79\">\n<p class=\"has-medium-font-size\">Mi u <strong>Koncept Domusu <\/strong>ne gradimo samo stanove, gradimo domove prilago\u0111ene potrebama na\u0161ih kupaca koji \u0107e u njemu \u017eivjeti, rasti i stvarati uspomene. Na\u0161a misija je osigurati kvalitetno stanovanje, gdje su udobnost, funkcionalnost i trajna vrijednost na prvom mjestu. Svojim prvim projektom u Domjani\u0107evoj ulici u Sesvetskom Kraljevcu stekli smo reputaciju kvalitetnog i pouzdanog graditelja. Svjesni smo da svaki projekt koji gradimo danas, gradi i na\u0161u pri\u010du za budu\u0107nost.<\/p>\n<\/div>\n<\/div><\/div>\n\n\n\n<div data-aos= \"fade-right\" data-aos-duration=\"400\" data-aos-delay=\"0\" data-aos-easing=\"ease\" data-aos-once=\"true\" class=\"wp-block-uagb-container uagb-block-03e231f9 alignfull uagb-is-root-container\"><div class=\"uagb-container-inner-blocks-wrap\">\n<div class=\"wp-block-uagb-container uagb-block-16cb74e4\">\n<p class=\"has-medium-font-size\">Osim same kvalitete izgradnje, posebnu pa\u017enju posve\u0107ujemo modernim arhitektonskim rje\u0161enjima i energetskoj u\u010dinkovitosti, jer \u017eelimo da na\u0161i domovi budu ne samo estetski privla\u010dni, ve\u0107 i ekonomi\u010dni za \u017eivot. Uspje\u0161no spajamo suvremeni dizajn s funkcionalno\u0161\u0107u, stvaraju\u0107i prostore u kojima se \u017eivot odvija s lako\u0107om i u\u017eitkom. Na\u0161 cilj nije samo graditi \u2013 \u017eelimo stvarati zajednice i poticati kvalitetan na\u010din \u017eivota kroz svaki projekt koji realiziramo.<\/p>\n<\/div>\n\n\n\n<div class=\"wp-block-uagb-container uagb-block-51c94754\">\n<figure class=\"wp-block-image size-large\"><img loading=\"lazy\" decoding=\"async\" width=\"1024\" height=\"720\" src=\"https:\/\/konceptdomus.hr\/wp-content\/uploads\/2025\/04\/Screenshot_20250404_194253-1024x720.png\" alt=\"\" class=\"wp-image-460\" srcset=\"https:\/\/konceptdomus.hr\/wp-content\/uploads\/2025\/04\/Screenshot_20250404_194253-1024x720.png 1024w, https:\/\/konceptdomus.hr\/wp-content\/uploads\/2025\/04\/Screenshot_20250404_194253-300x211.png 300w, https:\/\/konceptdomus.hr\/wp-content\/uploads\/2025\/04\/Screenshot_20250404_194253-768x540.png 768w, https:\/\/konceptdomus.hr\/wp-content\/uploads\/2025\/04\/Screenshot_20250404_194253.png 1109w\" sizes=\"auto, (max-width: 1024px) 100vw, 1024px\" \/><\/figure>\n<\/div>\n<\/div><\/div>\n","protected":false},"excerpt":{"rendered":"<p>Mi u Koncept Domusu ne gradimo samo stanove, gradimo domove prilago\u0111ene potrebama na\u0161ih kupaca koji \u0107e u njemu \u017eivjeti, rasti [&hellip;]<\/p>\n","protected":false},"author":1,"featured_media":0,"parent":0,"menu_order":0,"comment_status":"closed","ping_status":"closed","template":"","meta":{"_uag_custom_page_level_css":"","site-sidebar-layout":"default","site-content-layout":"","ast-site-content-layout":"default","site-content-style":"default","site-sidebar-style":"default","ast-global-header-display":"","ast-banner-title-visibility":"","ast-main-header-display":"","ast-hfb-above-header-display":"","ast-hfb-below-header-display":"","ast-hfb-mobile-header-display":"","site-post-title":"","ast-breadcrumbs-content":"","ast-featured-img":"","footer-sml-layout":"","ast-disable-related-posts":"","theme-transparent-header-meta":"","adv-header-id-meta":"","stick-header-meta":"","header-above-stick-meta":"","header-main-stick-meta":"","header-below-stick-meta":"","astra-migrate-meta-layouts":"default","ast-page-background-enabled":"default","ast-page-background-meta":{"desktop":{"background-color":"var(--ast-global-color-5)","background-image":"","background-repeat":"repeat","background-position":"center center","background-size":"auto","background-attachment":"scroll","background-type":"","background-media":"","overlay-type":"","overlay-color":"","overlay-opacity":"","overlay-gradient":""},"tablet":{"background-color":"","background-image":"","background-repeat":"repeat","background-position":"center center","background-size":"auto","background-attachment":"scroll","background-type":"","background-media":"","overlay-type":"","overlay-color":"","overlay-opacity":"","overlay-gradient":""},"mobile":{"background-color":"","background-image":"","background-repeat":"repeat","background-position":"center center","background-size":"auto","background-attachment":"scroll","background-type":"","background-media":"","overlay-type":"","overlay-color":"","overlay-opacity":"","overlay-gradient":""}},"ast-content-background-meta":{"desktop":{"background-color":"var(--ast-global-color-4)","background-image":"","background-repeat":"repeat","background-position":"center center","background-size":"auto","background-attachment":"scroll","background-type":"","background-media":"","overlay-type":"","overlay-color":"","overlay-opacity":"","overlay-gradient":""},"tablet":{"background-color":"var(--ast-global-color-4)","background-image":"","background-repeat":"repeat","background-position":"center center","background-size":"auto","background-attachment":"scroll","background-type":"","background-media":"","overlay-type":"","overlay-color":"","overlay-opacity":"","overlay-gradient":""},"mobile":{"background-color":"var(--ast-global-color-4)","background-image":"","background-repeat":"repeat","background-position":"center center","background-size":"auto","background-attachment":"scroll","background-type":"","background-media":"","overlay-type":"","overlay-color":"","overlay-opacity":"","overlay-gradient":""}},"footnotes":""},"class_list":["post-183","page","type-page","status-publish","hentry"],"yoast_head":"<!-- This site is optimized with the Yoast SEO plugin v27.2 - https:\/\/yoast.com\/product\/yoast-seo-wordpress\/ -->\n<title>O nama - Koncept Domus<\/title>\n<meta name=\"robots\" content=\"index, follow, max-snippet:-1, max-image-preview:large, max-video-preview:-1\" \/>\n<link rel=\"canonical\" href=\"https:\/\/konceptdomus.hr\/index.php\/o-nama\/\" \/>\n<meta property=\"og:locale\" content=\"en_US\" \/>\n<meta property=\"og:type\" content=\"article\" \/>\n<meta property=\"og:title\" content=\"O nama - Koncept Domus\" \/>\n<meta property=\"og:description\" content=\"Mi u Koncept Domusu ne gradimo samo stanove, gradimo domove prilago\u0111ene potrebama na\u0161ih kupaca koji \u0107e u njemu \u017eivjeti, rasti [&hellip;]\" \/>\n<meta property=\"og:url\" content=\"https:\/\/konceptdomus.hr\/index.php\/o-nama\/\" \/>\n<meta property=\"og:site_name\" content=\"Koncept Domus\" \/>\n<meta property=\"article:modified_time\" content=\"2025-04-04T17:44:40+00:00\" \/>\n<meta property=\"og:image\" content=\"https:\/\/konceptdomus.hr\/wp-content\/uploads\/2025\/03\/sven-mieke-fteR0e2BzKo-unsplash.jpg\" \/>\n\t<meta property=\"og:image:width\" content=\"2400\" \/>\n\t<meta property=\"og:image:height\" content=\"1600\" \/>\n\t<meta property=\"og:image:type\" content=\"image\/jpeg\" \/>\n<meta name=\"twitter:card\" content=\"summary_large_image\" \/>\n<meta name=\"twitter:label1\" content=\"Est. reading time\" \/>\n\t<meta name=\"twitter:data1\" content=\"1 minute\" \/>\n<script type=\"application\/ld+json\" class=\"yoast-schema-graph\">{\"@context\":\"https:\/\/schema.org\",\"@graph\":[{\"@type\":\"WebPage\",\"@id\":\"https:\/\/konceptdomus.hr\/index.php\/o-nama\/\",\"url\":\"https:\/\/konceptdomus.hr\/index.php\/o-nama\/\",\"name\":\"O nama - Koncept Domus\",\"isPartOf\":{\"@id\":\"https:\/\/konceptdomus.hr\/#website\"},\"primaryImageOfPage\":{\"@id\":\"https:\/\/konceptdomus.hr\/index.php\/o-nama\/#primaryimage\"},\"image\":{\"@id\":\"https:\/\/konceptdomus.hr\/index.php\/o-nama\/#primaryimage\"},\"thumbnailUrl\":\"https:\/\/konceptdomus.hr\/wp-content\/uploads\/2025\/03\/sven-mieke-fteR0e2BzKo-unsplash-1024x683.jpg\",\"datePublished\":\"2025-03-17T20:31:01+00:00\",\"dateModified\":\"2025-04-04T17:44:40+00:00\",\"breadcrumb\":{\"@id\":\"https:\/\/konceptdomus.hr\/index.php\/o-nama\/#breadcrumb\"},\"inLanguage\":\"en-US\",\"potentialAction\":[{\"@type\":\"ReadAction\",\"target\":[\"https:\/\/konceptdomus.hr\/index.php\/o-nama\/\"]}]},{\"@type\":\"ImageObject\",\"inLanguage\":\"en-US\",\"@id\":\"https:\/\/konceptdomus.hr\/index.php\/o-nama\/#primaryimage\",\"url\":\"https:\/\/konceptdomus.hr\/wp-content\/uploads\/2025\/03\/sven-mieke-fteR0e2BzKo-unsplash.jpg\",\"contentUrl\":\"https:\/\/konceptdomus.hr\/wp-content\/uploads\/2025\/03\/sven-mieke-fteR0e2BzKo-unsplash.jpg\",\"width\":2400,\"height\":1600},{\"@type\":\"BreadcrumbList\",\"@id\":\"https:\/\/konceptdomus.hr\/index.php\/o-nama\/#breadcrumb\",\"itemListElement\":[{\"@type\":\"ListItem\",\"position\":1,\"name\":\"Po\u010detna stranica\",\"item\":\"https:\/\/konceptdomus.hr\/\"},{\"@type\":\"ListItem\",\"position\":2,\"name\":\"O nama\"}]},{\"@type\":\"WebSite\",\"@id\":\"https:\/\/konceptdomus.hr\/#website\",\"url\":\"https:\/\/konceptdomus.hr\/\",\"name\":\"Koncept Domus\",\"description\":\"\",\"publisher\":{\"@id\":\"https:\/\/konceptdomus.hr\/#organization\"},\"potentialAction\":[{\"@type\":\"SearchAction\",\"target\":{\"@type\":\"EntryPoint\",\"urlTemplate\":\"https:\/\/konceptdomus.hr\/?s={search_term_string}\"},\"query-input\":{\"@type\":\"PropertyValueSpecification\",\"valueRequired\":true,\"valueName\":\"search_term_string\"}}],\"inLanguage\":\"en-US\"},{\"@type\":\"Organization\",\"@id\":\"https:\/\/konceptdomus.hr\/#organization\",\"name\":\"Koncept Domus\",\"url\":\"https:\/\/konceptdomus.hr\/\",\"logo\":{\"@type\":\"ImageObject\",\"inLanguage\":\"en-US\",\"@id\":\"https:\/\/konceptdomus.hr\/#\/schema\/logo\/image\/\",\"url\":\"https:\/\/konceptdomus.hr\/wp-content\/uploads\/2025\/04\/konceptDomusLogo.png\",\"contentUrl\":\"https:\/\/konceptdomus.hr\/wp-content\/uploads\/2025\/04\/konceptDomusLogo.png\",\"width\":200,\"height\":200,\"caption\":\"Koncept Domus\"},\"image\":{\"@id\":\"https:\/\/konceptdomus.hr\/#\/schema\/logo\/image\/\"}}]}<\/script>\n<!-- \/ Yoast SEO plugin. -->","yoast_head_json":{"title":"O nama - Koncept Domus","robots":{"index":"index","follow":"follow","max-snippet":"max-snippet:-1","max-image-preview":"max-image-preview:large","max-video-preview":"max-video-preview:-1"},"canonical":"https:\/\/konceptdomus.hr\/index.php\/o-nama\/","og_locale":"en_US","og_type":"article","og_title":"O nama - Koncept Domus","og_description":"Mi u Koncept Domusu ne gradimo samo stanove, gradimo domove prilago\u0111ene potrebama na\u0161ih kupaca koji \u0107e u njemu \u017eivjeti, rasti [&hellip;]","og_url":"https:\/\/konceptdomus.hr\/index.php\/o-nama\/","og_site_name":"Koncept Domus","article_modified_time":"2025-04-04T17:44:40+00:00","og_image":[{"width":2400,"height":1600,"url":"https:\/\/konceptdomus.hr\/wp-content\/uploads\/2025\/03\/sven-mieke-fteR0e2BzKo-unsplash.jpg","type":"image\/jpeg"}],"twitter_card":"summary_large_image","twitter_misc":{"Est. reading time":"1 minute"},"schema":{"@context":"https:\/\/schema.org","@graph":[{"@type":"WebPage","@id":"https:\/\/konceptdomus.hr\/index.php\/o-nama\/","url":"https:\/\/konceptdomus.hr\/index.php\/o-nama\/","name":"O nama - Koncept Domus","isPartOf":{"@id":"https:\/\/konceptdomus.hr\/#website"},"primaryImageOfPage":{"@id":"https:\/\/konceptdomus.hr\/index.php\/o-nama\/#primaryimage"},"image":{"@id":"https:\/\/konceptdomus.hr\/index.php\/o-nama\/#primaryimage"},"thumbnailUrl":"https:\/\/konceptdomus.hr\/wp-content\/uploads\/2025\/03\/sven-mieke-fteR0e2BzKo-unsplash-1024x683.jpg","datePublished":"2025-03-17T20:31:01+00:00","dateModified":"2025-04-04T17:44:40+00:00","breadcrumb":{"@id":"https:\/\/konceptdomus.hr\/index.php\/o-nama\/#breadcrumb"},"inLanguage":"en-US","potentialAction":[{"@type":"ReadAction","target":["https:\/\/konceptdomus.hr\/index.php\/o-nama\/"]}]},{"@type":"ImageObject","inLanguage":"en-US","@id":"https:\/\/konceptdomus.hr\/index.php\/o-nama\/#primaryimage","url":"https:\/\/konceptdomus.hr\/wp-content\/uploads\/2025\/03\/sven-mieke-fteR0e2BzKo-unsplash.jpg","contentUrl":"https:\/\/konceptdomus.hr\/wp-content\/uploads\/2025\/03\/sven-mieke-fteR0e2BzKo-unsplash.jpg","width":2400,"height":1600},{"@type":"BreadcrumbList","@id":"https:\/\/konceptdomus.hr\/index.php\/o-nama\/#breadcrumb","itemListElement":[{"@type":"ListItem","position":1,"name":"Po\u010detna stranica","item":"https:\/\/konceptdomus.hr\/"},{"@type":"ListItem","position":2,"name":"O nama"}]},{"@type":"WebSite","@id":"https:\/\/konceptdomus.hr\/#website","url":"https:\/\/konceptdomus.hr\/","name":"Koncept Domus","description":"","publisher":{"@id":"https:\/\/konceptdomus.hr\/#organization"},"potentialAction":[{"@type":"SearchAction","target":{"@type":"EntryPoint","urlTemplate":"https:\/\/konceptdomus.hr\/?s={search_term_string}"},"query-input":{"@type":"PropertyValueSpecification","valueRequired":true,"valueName":"search_term_string"}}],"inLanguage":"en-US"},{"@type":"Organization","@id":"https:\/\/konceptdomus.hr\/#organization","name":"Koncept Domus","url":"https:\/\/konceptdomus.hr\/","logo":{"@type":"ImageObject","inLanguage":"en-US","@id":"https:\/\/konceptdomus.hr\/#\/schema\/logo\/image\/","url":"https:\/\/konceptdomus.hr\/wp-content\/uploads\/2025\/04\/konceptDomusLogo.png","contentUrl":"https:\/\/konceptdomus.hr\/wp-content\/uploads\/2025\/04\/konceptDomusLogo.png","width":200,"height":200,"caption":"Koncept Domus"},"image":{"@id":"https:\/\/konceptdomus.hr\/#\/schema\/logo\/image\/"}}]}},"uagb_featured_image_src":{"full":false,"thumbnail":false,"medium":false,"medium_large":false,"large":false,"1536x1536":false,"2048x2048":false},"uagb_author_info":{"display_name":"admin","author_link":"https:\/\/konceptdomus.hr\/index.php\/author\/admin_5lnac4ga\/"},"uagb_comment_info":0,"uagb_excerpt":"Mi u Koncept Domusu ne gradimo samo stanove, gradimo domove prilago\u0111ene potrebama na\u0161ih kupaca koji \u0107e u njemu \u017eivjeti, rasti [&hellip;]","_links":{"self":[{"href":"https:\/\/konceptdomus.hr\/index.php\/wp-json\/wp\/v2\/pages\/183","targetHints":{"allow":["GET"]}}],"collection":[{"href":"https:\/\/konceptdomus.hr\/index.php\/wp-json\/wp\/v2\/pages"}],"about":[{"href":"https:\/\/konceptdomus.hr\/index.php\/wp-json\/wp\/v2\/types\/page"}],"author":[{"embeddable":true,"href":"https:\/\/konceptdomus.hr\/index.php\/wp-json\/wp\/v2\/users\/1"}],"replies":[{"embeddable":true,"href":"https:\/\/konceptdomus.hr\/index.php\/wp-json\/wp\/v2\/comments?post=183"}],"version-history":[{"count":10,"href":"https:\/\/konceptdomus.hr\/index.php\/wp-json\/wp\/v2\/pages\/183\/revisions"}],"predecessor-version":[{"id":461,"href":"https:\/\/konceptdomus.hr\/index.php\/wp-json\/wp\/v2\/pages\/183\/revisions\/461"}],"wp:attachment":[{"href":"https:\/\/konceptdomus.hr\/index.php\/wp-json\/wp\/v2\/media?parent=183"}],"curies":[{"name":"wp","href":"https:\/\/api.w.org\/{rel}","templated":true}]}}